{"id":904,"date":"2017-02-20T10:29:08","date_gmt":"2017-02-20T10:29:08","guid":{"rendered":"http:\/\/nibug.projectes.biz\/legal-warning\/"},"modified":"2017-03-07T11:08:03","modified_gmt":"2017-03-07T11:08:03","slug":"legal-warning","status":"publish","type":"page","link":"https:\/\/nibug.projectes.biz\/en\/legal-warning\/","title":{"rendered":"Legal warning"},"content":{"rendered":"<p>[et_pb_section admin_label=&#8221;section&#8221;][et_pb_row admin_label=&#8221;row&#8221;][et_pb_column type=&#8221;4_4&#8243;][et_pb_text admin_label=&#8221;Legal warning&#8221; background_layout=&#8221;light&#8221; text_orientation=&#8221;left&#8221; use_border_color=&#8221;off&#8221; border_color=&#8221;#ffffff&#8221; border_style=&#8221;solid&#8221;]<\/p>\n<h2 class=\"c_pink\">Legal warning<\/h2>\n<p>[\/et_pb_text][et_pb_text admin_label=&#8221;Texto&#8221; background_layout=&#8221;light&#8221; text_orientation=&#8221;left&#8221; use_border_color=&#8221;off&#8221; border_color=&#8221;#ffffff&#8221; border_style=&#8221;solid&#8221;]<\/p>\n<p>The website <a href=\"http:\/\/www.nibug.projectes.biz\" target=\"_blank\"><strong>www.nibug.projectes.biz<\/strong><\/a> property responds to <strong>Be Nibug S.L.<\/strong> with NIF number B66020108 and tax address in calle Balmes, 188 6\u00ba 2\u00aa, 08006 Barcelona. <strong>Be Nibug S.L.<\/strong> is registered in Barcelona Commercial Registry with number B66020108, volume 43721, sheet 127 and page 436471.<\/p>\n<p>The database collected by <strong>Be Nibug S.L<\/strong>. \u2018s website has the challenge to solve doubts from users and establish business contacts related to company activity.<\/p>\n<p>The information received will be handled with maximum confidentiality and will be used only and exclusively for the purpose described before. In any case, the data will be transferred to the third companies.<\/p>\n<p>Related to the personal data collected, the users can exercise their rights established by the current law, and specifically, the rights of access, rectification or cancellation data and opposition. In the same way, they can revoke the consent to grant by transferring data. The rights described can be exercised by the user or those who they delegate their representation through a written request\u00a0and duly signed.\u00a0You must send your request to: <strong>Be Nibug S.L.<\/strong>, C\/Balmes,188, 6\u00ba 2\u00aa, 08006 Barcelona.<\/p>\n<p>The request should contain: user\u2019s name and surname, address to send a notification, identity card or any official document identifying and specific and understandable content of the application of the right.<\/p>\n<p>&nbsp;<\/p>\n<p>&nbsp;<\/p>\n<p>[\/et_pb_text][et_pb_divider admin_label=&#8221;Separador&#8221; color=&#8221;#ffffff&#8221; show_divider=&#8221;off&#8221; divider_style=&#8221;solid&#8221; divider_position=&#8221;top&#8221; hide_on_mobile=&#8221;on&#8221;] [\/et_pb_divider][\/et_pb_column][\/et_pb_row][\/et_pb_section]<\/p>\n","protected":false},"excerpt":{"rendered":"<p>Legal warning The website www.nibug.projectes.biz property responds to Be Nibug S.L. with NIF number B66020108 and tax address in calle Balmes, 188 6\u00ba 2\u00aa, 08006 Barcelona. Be Nibug S.L. is registered in Barcelona Commercial Registry with number B66020108, volume 43721, sheet 127 and page 436471. The database collected by Be Nibug S.L. \u2018s website has [&hellip;]<\/p>\n","protected":false},"author":14,"featured_media":0,"parent":0,"menu_order":0,"comment_status":"closed","ping_status":"closed","template":"","meta":{"_et_pb_use_builder":"on","_et_pb_old_content":"<p>La propiedad de la web <a href=\"http:\/\/www.nibug.projectes.biz\">www.nibug.projectes.biz<\/a> corresponde a <strong>Be Nibug S.L.<\/strong> con NIF: B66020108 y domicilio fiscal en calle Balmes 188, 6\u00aa 2\u00aa, 08006 Barcelona, con numero de registro B66020108, Tomo 43721, folio 127 y hoja 436471 del Registro Mercantil de Barcelona<\/p><p>Los datos de informaci\u00f3n recogidos por <strong>Be Nibug S.L<\/strong>. a trav\u00e9s de la web tienen como finalidad la de resolver dudas de los usuarios y la de establecer contactos comerciales relacionados con la actividad propia de la empresa.<\/p><p>La informaci\u00f3n recibida ser\u00e1 tratada con la m\u00e1xima confidencialidad y ser\u00e1 usada \u00fanica y exclusivamente para los fines descritos en el p\u00e1rrafo anterior. En ning\u00fan caso se ceder\u00e1n datos a terceros.<\/p><p>En relaci\u00f3n con los datos personales receptados, los usuarios podr\u00e1n ejercer los derechos establecidos por la ley vigente, y en particular, los derechos de acceso, rectificaci\u00f3n o cancelaci\u00f3n de datos y oposici\u00f3n. Del mismo modo podran revocar el consentimiento otorgado por la cesi\u00f3n de datos. Los derechos descritos podr\u00e1n ser ejercidos por los usuarios o aquellos en quien deleguen su representaci\u00f3n, a trav\u00e9s de solicitud escrita y debidamente firmada. Deber\u00e1n enviar su petici\u00f3n escrita a: <strong>Be NIbug S.L.<\/strong>, c\/ Balmes 188, 6\u00ba 2\u00aa, 08006 Barcelona.<\/p><p>La solicitud deber\u00e1 contener los siguientes datos: Nombre y Apellidos del usuario, domicilio a efectos de notificaci\u00f3n, fotocopia del DNI o documento identificativo oficial, y contenido concreto y entendible de la solicitud sobre el derecho ejercido.<\/p>","_et_gb_content_width":"","footnotes":""},"class_list":["post-904","page","type-page","status-publish","hentry"],"_links":{"self":[{"href":"https:\/\/nibug.projectes.biz\/en\/wp-json\/wp\/v2\/pages\/904","targetHints":{"allow":["GET"]}}],"collection":[{"href":"https:\/\/nibug.projectes.biz\/en\/wp-json\/wp\/v2\/pages"}],"about":[{"href":"https:\/\/nibug.projectes.biz\/en\/wp-json\/wp\/v2\/types\/page"}],"author":[{"embeddable":true,"href":"https:\/\/nibug.projectes.biz\/en\/wp-json\/wp\/v2\/users\/14"}],"replies":[{"embeddable":true,"href":"https:\/\/nibug.projectes.biz\/en\/wp-json\/wp\/v2\/comments?post=904"}],"version-history":[{"count":3,"href":"https:\/\/nibug.projectes.biz\/en\/wp-json\/wp\/v2\/pages\/904\/revisions"}],"predecessor-version":[{"id":1014,"href":"https:\/\/nibug.projectes.biz\/en\/wp-json\/wp\/v2\/pages\/904\/revisions\/1014"}],"wp:attachment":[{"href":"https:\/\/nibug.projectes.biz\/en\/wp-json\/wp\/v2\/media?parent=904"}],"curies":[{"name":"wp","href":"https:\/\/api.w.org\/{rel}","templated":true}]}}