{"id":709,"date":"2017-02-08T15:30:00","date_gmt":"2017-02-08T15:30:00","guid":{"rendered":"http:\/\/nibug.projectes.biz\/cons-off-site\/"},"modified":"2017-02-08T15:30:01","modified_gmt":"2017-02-08T15:30:01","slug":"cons-off-site","status":"publish","type":"page","link":"https:\/\/nibug.projectes.biz\/en\/cons-off-site\/","title":{"rendered":"Cons. OFF-SITE"},"content":{"rendered":"<p>[et_pb_section admin_label=&#8221;section&#8221; transparent_background=&#8221;on&#8221; allow_player_pause=&#8221;off&#8221; inner_shadow=&#8221;off&#8221; parallax=&#8221;off&#8221; parallax_method=&#8221;off&#8221; padding_mobile=&#8221;off&#8221; make_fullwidth=&#8221;off&#8221; use_custom_width=&#8221;off&#8221; width_unit=&#8221;on&#8221; make_equal=&#8221;off&#8221; use_custom_gutter=&#8221;off&#8221; custom_padding=&#8221;0px||0px|&#8221;][et_pb_row admin_label=&#8221;row&#8221; make_fullwidth=&#8221;off&#8221; use_custom_width=&#8221;off&#8221; width_unit=&#8221;on&#8221; use_custom_gutter=&#8221;off&#8221; custom_padding=&#8221;0px||0px|&#8221; padding_mobile=&#8221;off&#8221; allow_player_pause=&#8221;off&#8221; parallax=&#8221;off&#8221; parallax_method=&#8221;off&#8221; make_equal=&#8221;off&#8221; parallax_1=&#8221;off&#8221; parallax_method_1=&#8221;off&#8221; column_padding_mobile=&#8221;on&#8221;][et_pb_column type=&#8221;4_4&#8243;][\/et_pb_column][\/et_pb_row][\/et_pb_section][et_pb_section admin_label=&#8221;Secci\u00f3n&#8221; fullwidth=&#8221;on&#8221; specialty=&#8221;off&#8221; transparent_background=&#8221;on&#8221; allow_player_pause=&#8221;off&#8221; inner_shadow=&#8221;off&#8221; parallax=&#8221;off&#8221; parallax_method=&#8221;off&#8221; padding_mobile=&#8221;off&#8221; make_fullwidth=&#8221;off&#8221; use_custom_width=&#8221;off&#8221; width_unit=&#8221;on&#8221; make_equal=&#8221;off&#8221; use_custom_gutter=&#8221;off&#8221; background_color=&#8221;rgba(155,155,155,0.56)&#8221; background_image=&#8221;http:\/\/nibug.projectes.biz\/wp-content\/uploads\/2016\/12\/bg_header_interior_03.png&#8221; module_class=&#8221;header_interior&#8221;][et_pb_fullwidth_header admin_label=&#8221;T\u00edtulo Construcci\u00f3n Off-Site&#8221; title=&#8221;Construcci\u00f3n Off-Site&#8221; background_layout=&#8221;light&#8221; text_orientation=&#8221;left&#8221; header_fullscreen=&#8221;off&#8221; header_scroll_down=&#8221;off&#8221; parallax=&#8221;off&#8221; parallax_method=&#8221;off&#8221; content_orientation=&#8221;center&#8221; image_orientation=&#8221;center&#8221; custom_button_one=&#8221;off&#8221; button_one_border_width=&#8221;0&#8243; button_one_letter_spacing=&#8221;0&#8243; button_one_use_icon=&#8221;default&#8221; button_one_icon_placement=&#8221;right&#8221; button_one_on_hover=&#8221;on&#8221; button_one_letter_spacing_hover=&#8221;0&#8243; custom_button_two=&#8221;off&#8221; button_two_border_width=&#8221;0&#8243; button_two_letter_spacing=&#8221;0&#8243; button_two_use_icon=&#8221;default&#8221; button_two_icon_placement=&#8221;right&#8221; button_two_on_hover=&#8221;on&#8221; button_two_letter_spacing_hover=&#8221;0&#8243; content_font_color=&#8221;#4a4a4a&#8221;]\u00bfPor qu\u00e9 el BIM conduce a la industrializaci\u00f3n de la edificaci\u00f3n?<\/p>\n<p>[\/et_pb_fullwidth_header][\/et_pb_section][et_pb_section admin_label=&#8221;Secci\u00f3n&#8221; fullwidth=&#8221;off&#8221; specialty=&#8221;off&#8221; transparent_background=&#8221;on&#8221; allow_player_pause=&#8221;off&#8221; inner_shadow=&#8221;off&#8221; parallax=&#8221;off&#8221; parallax_method=&#8221;off&#8221; padding_mobile=&#8221;off&#8221; make_fullwidth=&#8221;off&#8221; use_custom_width=&#8221;off&#8221; width_unit=&#8221;on&#8221; make_equal=&#8221;off&#8221; use_custom_gutter=&#8221;off&#8221;][et_pb_row admin_label=&#8221;Fila&#8221;][et_pb_column type=&#8221;4_4&#8243;][et_pb_text admin_label=&#8221;Texto&#8221; background_layout=&#8221;light&#8221; text_orientation=&#8221;left&#8221; use_border_color=&#8221;off&#8221; border_color=&#8221;#ffffff&#8221; border_style=&#8221;solid&#8221; module_class=&#8221;box_line&#8221;]El Building information Modeling se est\u00e1 implantando de forma generalizada en todo el mundo. Prueba de ello, son las numerosas gu\u00edas de implementaci\u00f3n de esta metodolog\u00eda que diversas entidades gubernamentales han publicado en los tres \u00faltimos a\u00f1os. El BIM se fundamenta en el uso de modelos inform\u00e1ticos que representan todos los elementos de un edificio, desde sus materiales de construcci\u00f3n hasta sus sistemas de cerramiento. Para que estos modelos puedan ser gestionados de forma eficiente, se estructuran mediante una jerarqu\u00eda de componentes que se ensamblan entre ellos configurando sistemas cada vez m\u00e1s complejos. A imagen y semejanza de cualquier producto industrializado.<\/p>\n<p>Por esta raz\u00f3n, los profesionales que usan estas tecnolog\u00edas est\u00e1n aprendiendo a discretizar sus producciones y a sistematizar, cada vez m\u00e1s, la creaci\u00f3n de los modelos virtuales que permiten desarrollar sus trabajos de edificaci\u00f3n. Por ejemplo, el uso de componentes virtuales elaborados por los propios fabricantes de elementos constructivos se va incrementando, as\u00ed como la estandarizaci\u00f3n de procesos de trabajo y el aprovechamiento de ensamblajes de un proyecto a otro.<\/p>\n<p>El siguiente paso, es, sin duda, el aprovechamiento de esta infraestructura de simulaci\u00f3n para industrializar el propio proceso de construcci\u00f3n del edificio, ya que el esfuerzo de definici\u00f3n de todos los componentes a ser usados ya se viene desempe\u00f1ando desde hace mucho tiempo y s\u00f3lo es necesario enfocarlo hacia sistemas de montaje y ensamblaje plenamente programados. De hecho, una de las aplicaciones del BIM es la simulaci\u00f3n de los procesos de ejecuci\u00f3n de la obra, as\u00ed que las herramientas para planificar el desarrollo de esta fase de una forma industrializada ya existen en la actualidad.<\/p>\n<p>S\u00f3lo es necesario aprender a utilizarlas para este fin.<\/p>\n<p>Dr. Eloi Coloma, coordinador t\u00e9cnico BIM en NIBUG y profesor en la ETSAB-UPC<\/p>\n<p>[\/et_pb_text][\/et_pb_column][\/et_pb_row][\/et_pb_section]<\/p>\n","protected":false},"excerpt":{"rendered":"<p>\u00bfPor qu\u00e9 el BIM conduce a la industrializaci\u00f3n de la edificaci\u00f3n? El Building information Modeling se est\u00e1 implantando de forma generalizada en todo el mundo. Prueba de ello, son las numerosas gu\u00edas de implementaci\u00f3n de esta metodolog\u00eda que diversas entidades gubernamentales han publicado en los tres \u00faltimos a\u00f1os. El BIM se fundamenta en el uso [&hellip;]<\/p>\n","protected":false},"author":14,"featured_media":0,"parent":0,"menu_order":0,"comment_status":"closed","ping_status":"closed","template":"","meta":{"_et_pb_use_builder":"on","_et_pb_old_content":"","_et_gb_content_width":"","footnotes":""},"class_list":["post-709","page","type-page","status-publish","hentry"],"_links":{"self":[{"href":"https:\/\/nibug.projectes.biz\/en\/wp-json\/wp\/v2\/pages\/709","targetHints":{"allow":["GET"]}}],"collection":[{"href":"https:\/\/nibug.projectes.biz\/en\/wp-json\/wp\/v2\/pages"}],"about":[{"href":"https:\/\/nibug.projectes.biz\/en\/wp-json\/wp\/v2\/types\/page"}],"author":[{"embeddable":true,"href":"https:\/\/nibug.projectes.biz\/en\/wp-json\/wp\/v2\/users\/14"}],"replies":[{"embeddable":true,"href":"https:\/\/nibug.projectes.biz\/en\/wp-json\/wp\/v2\/comments?post=709"}],"version-history":[{"count":2,"href":"https:\/\/nibug.projectes.biz\/en\/wp-json\/wp\/v2\/pages\/709\/revisions"}],"predecessor-version":[{"id":711,"href":"https:\/\/nibug.projectes.biz\/en\/wp-json\/wp\/v2\/pages\/709\/revisions\/711"}],"wp:attachment":[{"href":"https:\/\/nibug.projectes.biz\/en\/wp-json\/wp\/v2\/media?parent=709"}],"curies":[{"name":"wp","href":"https:\/\/api.w.org\/{rel}","templated":true}]}}